{"id":6067,"date":"2024-05-23T15:23:20","date_gmt":"2024-05-23T13:23:20","guid":{"rendered":"https:\/\/www.doitnowgroup.com\/avviso-legale\/"},"modified":"2025-12-10T16:14:41","modified_gmt":"2025-12-10T15:14:41","slug":"aviso-legale","status":"publish","type":"page","link":"https:\/\/www.doitnowgroup.com\/it\/aviso-legale\/","title":{"rendered":"Privacy Policy"},"content":{"rendered":"\t\t<div data-elementor-type=\"wp-page\" data-elementor-id=\"6067\" class=\"elementor elementor-6067 elementor-1832\" data-elementor-post-type=\"page\">\n\t\t\t\t\t\t<section class=\"elementor-section elementor-top-section elementor-element elementor-element-1b78b7bc elementor-section-boxed elementor-section-height-default elementor-section-height-default\" data-id=\"1b78b7bc\" data-element_type=\"section\" data-e-type=\"section\" data-settings=\"{&quot;background_background&quot;:&quot;classic&quot;}\">\n\t\t\t\t\t\t\t<div class=\"elementor-background-overlay\"><\/div>\n\t\t\t\t\t\t\t<div class=\"elementor-container elementor-column-gap-default\">\n\t\t\t\t\t<div class=\"elementor-column elementor-col-100 elementor-top-column elementor-element elementor-element-7f35b60c\" data-id=\"7f35b60c\" data-element_type=\"column\" data-e-type=\"column\">\n\t\t\t<div class=\"elementor-widget-wrap elementor-element-populated\">\n\t\t\t\t\t\t<div class=\"elementor-element elementor-element-2be893e6 elementor-widget elementor-widget-heading\" data-id=\"2be893e6\" data-element_type=\"widget\" data-e-type=\"widget\" data-widget_type=\"heading.default\">\n\t\t\t\t<div class=\"elementor-widget-container\">\n\t\t\t\t\t<h1 class=\"elementor-heading-title elementor-size-default\">Privacy Policy<\/h1>\t\t\t\t<\/div>\n\t\t\t\t<\/div>\n\t\t\t\t<div class=\"elementor-element elementor-element-71874f9 elementor-widget elementor-widget-heading\" data-id=\"71874f9\" data-element_type=\"widget\" data-e-type=\"widget\" data-widget_type=\"heading.default\">\n\t\t\t\t<div class=\"elementor-widget-container\">\n\t\t\t\t\t<p class=\"elementor-heading-title elementor-size-default\">Informazioni generali dell'azienda<\/p>\t\t\t\t<\/div>\n\t\t\t\t<\/div>\n\t\t\t\t<div class=\"elementor-element elementor-element-52d5f014 elementor-widget elementor-widget-heading\" data-id=\"52d5f014\" data-element_type=\"widget\" data-e-type=\"widget\" data-widget_type=\"heading.default\">\n\t\t\t\t<div class=\"elementor-widget-container\">\n\t\t\t\t\t<p class=\"elementor-heading-title elementor-size-default\">Accuratezza delle informazioni<\/p>\t\t\t\t<\/div>\n\t\t\t\t<\/div>\n\t\t\t\t<div class=\"elementor-element elementor-element-5fa6ba88 elementor-widget elementor-widget-text-editor\" data-id=\"5fa6ba88\" data-element_type=\"widget\" data-e-type=\"widget\" data-widget_type=\"text-editor.default\">\n\t\t\t\t<div class=\"elementor-widget-container\">\n\t\t\t\t\t\t\t\t\t<p>Proprietario:  <\/p><p>Do IT Now Italy (Do IT Systems SRL)<br>Indirizzo sociale: via G. Pomba, 29 &#8211; 10123 Torino, Italia IVA : IT10222290016<br>Contatto: info@doitnowgroup.com<\/p><p>Do IT Now France<br>Indirizzo sociale: 1 rue des Chevaliers de Malter &#8211; 34970 Lattes, Francia IVA : FR11890026636<br>Contatto: info@doitnowgroup.com<\/p><p>Do IT Now Germania<br>Indirizzo sociale: Rosenheimer Strasse 143c &#8211; 81671 M\u00fcnchen, Germania IVA : DE363121969<br>Contatto: info@doitnowgroup.com<\/p><p>Do IT Now Spagna (HPCNow! Sl.)<br>Indirizzo sociale: C\/ Sant Joan de Malta, 29 bajo &#8211; 08018 Barcellona, Spagna IVA : B65897605<br>Contatto: info@doitnowgroup.com<\/p><p>Do IT Now Nuova Zelanda (HPCNow!)<br>Indirizzo sociale: 139 Quay Street &#8211; 1010 Auckland CBD, Nuova Zelanda Numero GST: 135-188-832<br>Contatto: info@doitnowgroup.com<\/p><p>L&#8217;accesso al sito web Do IT Now e alle informazioni in esso contenute su prodotti e servizi \u00e8 soggetto all&#8217;accettazione delle condizioni stabilite in questo documento legale. Le consigliamo pertanto di leggere attentamente il presente avviso se desidera accedere al sito web Do IT Now e utilizzare le informazioni ivi contenute. <\/p>\t\t\t\t\t\t\t\t<\/div>\n\t\t\t\t<\/div>\n\t\t\t\t<div class=\"elementor-element elementor-element-502f0de elementor-widget__width-initial elementor-widget elementor-widget-text-editor\" data-id=\"502f0de\" data-element_type=\"widget\" data-e-type=\"widget\" data-widget_type=\"text-editor.default\">\n\t\t\t\t<div class=\"elementor-widget-container\">\n\t\t\t\t\t\t\t\t\t<p>Le informazioni contenute in questa pagina sono accurate al momento dell&#8217;ultimo aggiornamento.<\/p><p>Le presenti condizioni sono accurate dal momento dell&#8217;ultimo aggiornamento. Do IT Now si riserva il diritto di modificare le presenti condizioni in qualsiasi momento, nel qual caso le nuove condizioni entreranno in vigore dalla data della loro pubblicazione e saranno applicabili a tutti gli utenti del sito web a partire da tale data. <\/p><p>I contenuti di questo sito web, in particolare le informazioni e la pubblicit\u00e0, non sono vincolanti, se non diversamente indicato. Do IT Now si riserva il diritto di modificare o cancellare, parzialmente o totalmente, i contenuti attuali di questo portale Do IT Now quando lo ritenga opportuno, nonch\u00e9 di impedire o limitare l&#8217;accesso in modo temporaneo o permanente. <\/p>\t\t\t\t\t\t\t\t<\/div>\n\t\t\t\t<\/div>\n\t\t\t\t<div class=\"elementor-element elementor-element-165ce557 elementor-widget elementor-widget-heading\" data-id=\"165ce557\" data-element_type=\"widget\" data-e-type=\"widget\" data-widget_type=\"heading.default\">\n\t\t\t\t<div class=\"elementor-widget-container\">\n\t\t\t\t\t<p class=\"elementor-heading-title elementor-size-default\">Propriet\u00e0 intellettuale e industriale\n<\/p>\t\t\t\t<\/div>\n\t\t\t\t<\/div>\n\t\t\t\t<div class=\"elementor-element elementor-element-1e74f38b elementor-widget elementor-widget-text-editor\" data-id=\"1e74f38b\" data-element_type=\"widget\" data-e-type=\"widget\" data-widget_type=\"text-editor.default\">\n\t\t\t\t<div class=\"elementor-widget-container\">\n\t\t\t\t\t\t\t\t\t<p>Il sito web di Do IT Now, le pagine che lo compongono e le informazioni e gli elementi in esso contenuti inclusi testi, documenti, fotografie, disegni, altre rappresentazioni grafiche, banche dati e programmi informatici, nonch\u00e9 loghi, marchi, nomi commerciali e altri segni distintivi, sono protetti dai diritti di propriet\u00e0 intellettuale ed industriale, di cui Do IT Now \u00e8 titolare.<\/p><p>Do IT Now non garantisce la liceit\u00e0 e la conformit\u00e0 legale delle informazioni o di altri contenuti presenti nelle pagine del sito web di Do IT Now che non siano direttamente riconducibili all\u2019azienda stessa.<\/p>\t\t\t\t\t\t\t\t<\/div>\n\t\t\t\t<\/div>\n\t\t\t\t<div class=\"elementor-element elementor-element-6b258137 elementor-widget elementor-widget-heading\" data-id=\"6b258137\" data-element_type=\"widget\" data-e-type=\"widget\" data-widget_type=\"heading.default\">\n\t\t\t\t<div class=\"elementor-widget-container\">\n\t\t\t\t\t<p class=\"elementor-heading-title elementor-size-default\">Usi consentiti e vietati\n<\/p>\t\t\t\t<\/div>\n\t\t\t\t<\/div>\n\t\t\t\t<div class=\"elementor-element elementor-element-78b8d603 elementor-widget elementor-widget-text-editor\" data-id=\"78b8d603\" data-element_type=\"widget\" data-e-type=\"widget\" data-widget_type=\"text-editor.default\">\n\t\t\t\t<div class=\"elementor-widget-container\">\n\t\t\t\t\t\t\t\t\t<p>\u00c8 vietato qualsiasi metodo di sfruttamento dei dati, compreso qualsiasi tipo di riproduzione, distribuzione, cessione a terzi, comunicazione pubblica o trasformazione con qualsiasi tipo di supporto o mezzo delle suddette opere, creazioni e segni distintivi, senza la previa autorizzazione esplicita dei rispettivi proprietari. La mancata osservanza di questa regola costituisce un reato punibile per legge. <\/p><p>Tuttavia, a proprio rischio e pericolo, l&#8217;utente pu\u00f2 scaricare o fare copie di tali elementi esclusivamente per uso personale, a condizione che ci\u00f2 non violi alcun diritto di propriet\u00e0 intellettuale o industriale di Do IT Now. In particolare gi suddetti elemenyi, non possono essere alterati, modificati o rimossi, n\u00e9 totalmente n\u00e9 parzialmente. In nessun caso questo significher\u00e0 l&#8217;autorizzazione o la licenza dei diritti di propriet\u00e0 detenuti da Do IT Now.  <\/p><p>Salvo espressa autorizzazione scritta da parte di Do IT Now, \u00e8 vietato creare link o collegamenti ipertestuali tra i portali o le pagine web di terzi e le pagine web di Do IT Now, che siano diversi dalla homepage del portale all&#8217;URL doitnowgroup.com, o da quella che potrebbe sostituirla in futuro, cos\u00ec come la presentazione delle pagine web di Do IT Now o delle informazioni in esse contenute utilizzando frame, segni distintivi, marchi, nomi commerciali o aziendali di altri individui, aziende o organizzazioni.<\/p><p>Do IT Now pu\u00f2 utilizzare dei cookie per personalizzare e facilitare la navigazione sul web per l&#8217;utente. I cookie sono associati esclusivamente a un utente anonimo e senza fornire alcun dato personale dell&#8217;utente. L&#8217;installazione dei cookie di Do IT Now pu\u00f2 essere notificata e rifiutata modificando i parametri del proprio browser, senza che ci\u00f2 influisca sulla possibilit\u00e0 di accedere ai contenuti web.  <\/p>\t\t\t\t\t\t\t\t<\/div>\n\t\t\t\t<\/div>\n\t\t\t\t<div class=\"elementor-element elementor-element-2831a365 elementor-widget elementor-widget-heading\" data-id=\"2831a365\" data-element_type=\"widget\" data-e-type=\"widget\" data-widget_type=\"heading.default\">\n\t\t\t\t<div class=\"elementor-widget-container\">\n\t\t\t\t\t<p class=\"elementor-heading-title elementor-size-default\">Responsabilit\u00e0<\/p>\t\t\t\t<\/div>\n\t\t\t\t<\/div>\n\t\t\t\t<div class=\"elementor-element elementor-element-62a78959 elementor-widget elementor-widget-text-editor\" data-id=\"62a78959\" data-element_type=\"widget\" data-e-type=\"widget\" data-widget_type=\"text-editor.default\">\n\t\t\t\t<div class=\"elementor-widget-container\">\n\t\t\t\t\t\t\t\t\t<p>Do IT Now non garantisce l&#8217;accesso o la corretta visualizzazione, il download o l&#8217;utilizzo degli elementi e delle informazioni contenute nel sito web di Do IT Now, che pu\u00f2 essere influenzato o incontrare difficolt\u00e0 a causa di fattori al di fuori del suo controllo.<\/p><p>Do IT Now non \u00e8 responsabile delle informazioni e degli altri contenuti presenti negli spazi o nelle pagine web di terzi, accessibili dal sito web di Do IT Now tramite link o collegamenti ipertestuali, n\u00e9 delle informazioni o degli altri contenuti presenti negli spazi o nelle pagine web di terzi, da cui si accede al sito web di Do IT Now o a una qualsiasi delle sue pagine web tramite link o collegamenti ipertestuali, n\u00e9 delle informazioni e dei contenuti di qualsiasi altra pagina web di terzi che sia presentata con l&#8217;immagine o con i segni distintivi di Do IT Now, tranne nei casi in cui sia stata ottenuta l&#8217;autorizzazione esplicita di Do IT Now.<\/p><p>Do IT Now non si assume alcuna responsabilit\u00e0 per le informazioni, i contenuti di qualsiasi tipo, i prodotti offerti attraverso il sito web di Do IT Now da parte di terzi, e in particolare non si assume alcuna responsabilit\u00e0 per i danni di qualsiasi tipo legati a quanto sopra che possono verificarsi come conseguenza di: (i) l&#8217;assenza o la carenza di informazioni fornite agli utenti, o nella loro veridicit\u00e0, accuratezza o quantit\u00e0; (ii) il mancato adempimento degli obblighi dei fornitori del servizio alla societ\u00e0 di informazioni; (iii) la violazione dei diritti dei consumatori e degli utenti; (iv) la violazione dei diritti di propriet\u00e0 intellettuale o industriale; il compimento di atti di concorrenza sleale o di pubblicit\u00e0 non autorizzata; e (v) l&#8217;inadempimento generale di qualsiasi legge, consuetudine o codice di condotta applicabile.     <\/p><p>Do IT Now non si assume alcuna responsabilit\u00e0 per danni, perdite, reclami o spese derivanti da: (i) interferenze, interruzioni, difetti, omissioni, guasti telefonici, ritardi, blocchi o disconnessioni nel funzionamento del sistema elettronico causati da carenze, sovraccarichi o errori nelle linee e nella rete di telecomunicazione, o per qualsiasi altra ragione al di fuori del controllo di Do IT Now; (ii) interruzioni illegali con l&#8217;utilizzo di programmi malevoli di qualsiasi tipo e attraverso qualsiasi mezzo di comunicazione, come virus informatici o di altro tipo; (iii) utilizzo improprio o inadeguato delle pagine web di Do IT Now; (v) errori di sicurezza o di navigazione web prodotti da malfunzionamenti del browser o dall&#8217;utilizzo di versioni non aggiornate del browser.   <\/p>\t\t\t\t\t\t\t\t<\/div>\n\t\t\t\t<\/div>\n\t\t\t\t<div class=\"elementor-element elementor-element-7eb6a57d elementor-widget elementor-widget-heading\" data-id=\"7eb6a57d\" data-element_type=\"widget\" data-e-type=\"widget\" data-widget_type=\"heading.default\">\n\t\t\t\t<div class=\"elementor-widget-container\">\n\t\t\t\t\t<p class=\"elementor-heading-title elementor-size-default\">Generalit\u00e0<\/p>\t\t\t\t<\/div>\n\t\t\t\t<\/div>\n\t\t\t\t<div class=\"elementor-element elementor-element-df24c4f elementor-widget elementor-widget-text-editor\" data-id=\"df24c4f\" data-element_type=\"widget\" data-e-type=\"widget\" data-widget_type=\"text-editor.default\">\n\t\t\t\t<div class=\"elementor-widget-container\">\n\t\t\t\t\t\t\t\t\t<p>Do IT Now perseguir\u00e0 qualsiasi violazione delle presenti condizioni e qualsiasi uso non autorizzato del Web esercitando tutte le azioni civili e penali che le spettano per legge.<\/p>\t\t\t\t\t\t\t\t<\/div>\n\t\t\t\t<\/div>\n\t\t\t\t<div class=\"elementor-element elementor-element-ff835f0 elementor-widget elementor-widget-heading\" data-id=\"ff835f0\" data-element_type=\"widget\" data-e-type=\"widget\" data-widget_type=\"heading.default\">\n\t\t\t\t<div class=\"elementor-widget-container\">\n\t\t\t\t\t<p class=\"elementor-heading-title elementor-size-default\">Legislazione e giurisdizione applicabili\n<\/p>\t\t\t\t<\/div>\n\t\t\t\t<\/div>\n\t\t\t\t<div class=\"elementor-element elementor-element-337f7570 elementor-widget elementor-widget-text-editor\" data-id=\"337f7570\" data-element_type=\"widget\" data-e-type=\"widget\" data-widget_type=\"text-editor.default\">\n\t\t\t\t<div class=\"elementor-widget-container\">\n\t\t\t\t\t\t\t\t\t<p>I rapporti tra l&#8217;utente e Do IT Now sono regolati dalla legge italiana. Qualsiasi disaccordo sar\u00e0 sottoposto alle Corti e ai Tribunali della citt\u00e0 di Torino. <\/p>\t\t\t\t\t\t\t\t<\/div>\n\t\t\t\t<\/div>\n\t\t\t\t<div class=\"elementor-element elementor-element-127a62d7 elementor-widget elementor-widget-heading\" data-id=\"127a62d7\" data-element_type=\"widget\" data-e-type=\"widget\" data-widget_type=\"heading.default\">\n\t\t\t\t<div class=\"elementor-widget-container\">\n\t\t\t\t\t<p class=\"elementor-heading-title elementor-size-default\">Politica di protezione dei dati\n<\/p>\t\t\t\t<\/div>\n\t\t\t\t<\/div>\n\t\t\t\t<div class=\"elementor-element elementor-element-23037365 elementor-widget elementor-widget-text-editor\" data-id=\"23037365\" data-element_type=\"widget\" data-e-type=\"widget\" data-widget_type=\"text-editor.default\">\n\t\t\t\t<div class=\"elementor-widget-container\">\n\t\t\t\t\t\t\t\t\t<p>Lo scopo della presente &#8220;Politica di protezione dei dati&#8221; \u00e8 quello di rendere note le condizioni che regolano la raccolta e l&#8217;elaborazione dei Suoi dati personali da parte della nostra entit\u00e0, per garantire i diritti fondamentali, il Suo onore e le Sue libert\u00e0, in conformit\u00e0 con la normativa vigente in materia di protezione dei dati personali.<\/p>\n<p>In conformit\u00e0 a queste normative, abbiamo bisogno della sua autorizzazione e del suo consenso per la raccolta e l&#8217;elaborazione dei suoi dati personali, per cui di seguito le indichiamo tutti i dettagli di suo interesse relativi a come svolgiamo questi processi, per quali scopi, quali altri soggetti possono avere accesso ai suoi dati e quali sono i suoi diritti.<\/p>\n<p>Per tutto quanto sopra, una volta esaminata e letta la nostra Informativa sulla protezione dei dati, \u00e8 essenziale che lei la accetti come prova del suo accordo e consenso.<\/p>\n<p><strong>Chi \u00e8 responsabile del trattamento dei suoi dati?<\/strong><\/p>\n<p>Do it Systems S.r.l.: via G. Pomba, 29 &#8211; 10123 Torino, Italia<\/p>\n<p>HPC Now! C\/ Sant Joan de Malta, 29 bajo &#8211; 08018 Barcellona, Spagna<\/p>\n<p>Do IT Now Francia: 1 rue des Chevaliers de Malter &#8211; 34970 Lattes, Francia<\/p>\n<p>Do IT Now Germania: Rosenheimer Strasse 143c &#8211; 81671 M\u00fcnchen, Germania<\/p>\n<p>Do IT Now Nuova Zelanda: 139 Quay Street &#8211; 1010 Auckland CBD, Nuova Zelanda (secondo il GDPR)<\/p>\n<p><strong>Per quale scopo trattiamo i suoi dati?<\/strong><\/p>\n<p>Trattiamo i suoi dati per rispondere alle domande ricevute e sollevate attraverso il modulo elettronico sul web.<\/p>\n<p><strong>A chi comunichiamo i suoi dati?<\/strong><\/p>\n<p>Comunicheremo i suoi dati solo alle nostre societ\u00e0 del gruppo, come di seguito specificato:<\/p>\n<p>Do it Systems S.r.l.: via G. Pomba, 29 &#8211; 10123 Torino, Italia<\/p>\n<p>HPC Now! C\/ Sant Joan de Malta, 29 bajo &#8211; 08018 Barcellona, Spagna<\/p>\n<p>Do IT Now Francia: 1 rue des Chevaliers de Malter &#8211; 34970 Lattes, Francia<\/p>\n<p>Do IT Now Germania: Rosenheimer Strasse 143c &#8211; 81671 M\u00fcnchen, Germania<\/p>\n<p>Do IT Now Nuova Zelanda: 139 Quay Street &#8211; 1010 Auckland CBD, Nuova Zelanda (secondo il GDPR)<\/p>\n<p><strong>Per quanto tempo conserviamo i suoi dati?<\/strong><\/p>\n<p>Utilizziamo i suoi dati per il tempo strettamente necessario ad adempiere alle finalit\u00e0 di cui sopra e, a meno che non vi sia un obbligo o un requisito legale, il periodo di conservazione previsto \u00e8 di 1 anno dall&#8217;ultima conferma di interesse.<\/p>\n<p>La informiamo che non \u00e8 prevista l&#8217;adozione di decisioni automatizzate o la creazione di profili con i dati personali raccolti.<\/p>\n<p>Qual \u00e8 la base giuridica che ci legittima a trattare i suoi dati?<\/p>\n<p>La raccolta e il trattamento dei suoi dati sono legittimati dal consenso esplicito dell&#8217;interessato.<\/p>\n<p><strong>Effettuiamo trasferimenti internazionali dei suoi dati al di fuori dell&#8217;Unione Europea?<\/strong><\/p>\n<p>Al fine di gestire l&#8217;invio di comunicazioni, la informiamo che comunichiamo i suoi dati alla seguente societ\u00e0:<\/p>\n<p>USA \/ Atlassian \/ Gestione dei progetti \/ Scudo per la privacy<br><a href=\"https:\/\/www.atlassian.com\/legal\/privacy-policy#how-we-transfer-information-we-collect-internationally\" target=\"_blank\" rel=\"noopener\">https:\/\/www.atlassian.com\/legal\/privacy-policy#how-we-transfer-information-we-collect-internationally<\/a><\/p>\n<p><strong>Cosa facciamo per garantire la privacy dei suoi dati?<\/strong><\/p>\n<p>La nostra entit\u00e0 adotta le misure organizzative e tecniche necessarie per garantire la sicurezza e la privacy dei suoi dati, evitandone l&#8217;alterazione, la perdita, l&#8217;elaborazione o l&#8217;accesso non autorizzato, a seconda dello stato della tecnologia, della natura dei dati memorizzati e dei rischi a cui sono esposti.<\/p>\n<p>Tra le altre, spiccano le seguenti misure:<\/p>\n<p>Garantire la riservatezza, l&#8217;integrit\u00e0, la disponibilit\u00e0 e la resilienza permanenti dei sistemi e dei servizi di trattamento dei dati.<br>Ripristinare rapidamente la disponibilit\u00e0 e l&#8217;accesso ai dati personali, in caso di incidente tecnico.<br>Verificare e valutare, su base regolare, l&#8217;efficacia delle misure tecniche e organizzative implementate per garantire la sicurezza del trattamento dei dati.<br>Inserimento di pseudonimi e il criptaggio dei dati personali, nel caso di dati sensibili.<\/p>\n<p><strong>Quali sono i diritti che la proteggono?<\/strong><\/p>\n<p>Pu\u00f2 richiedere ai seguenti indirizzi, insieme a una fotocopia del suo documento d&#8217;identit\u00e0 o di un altro documento simile, di esercitare uno dei seguenti diritti:<\/p>\n<p>Diritto di richiedere l&#8217;accesso ai suoi dati personali.<br>Diritto di richiedere la loro rettifica (nel caso in cui siano errati) o la loro cancellazione.<br>Diritto di richiedere la limitazione del loro trattamento, nei casi previsti dalla legge, nel qual caso saranno conservati da noi solo per l&#8217;esercizio o la difesa di eventuali reclami.<br>Diritto di opporsi al trattamento.<br>Diritto di richiedere la portabilit\u00e0 dei dati.<br>Lei ha il diritto di ritirare il consenso dato, in qualsiasi momento, senza pregiudicare la legalit\u00e0 del processo basato sul consenso prima del suo ritiro.<\/p>\n<p>Per maggiori informazioni, pu\u00f2 accedere ai modelli e ai moduli sul sito web dell&#8217;Autorit\u00e0 di Controllo, nei confronti della quale pu\u00f2 anche reclamare in caso di mancata soddisfazione nell&#8217;esercizio dei suoi diritti.<\/p>\n<p>L&#8217;accettazione di questo documento indica che lei comprende, accetta tutte le clausole della nostra politica sulla privacy e quindi autorizza la raccolta e il trattamento dei suoi dati personali in questi termini. Questa accettazione avviene attivando la casella &#8220;Lettura e accettazione&#8221; della nostra Informativa sulla protezione dei dati. <\/p>\t\t\t\t\t\t\t\t<\/div>\n\t\t\t\t<\/div>\n\t\t\t\t<div class=\"elementor-element elementor-element-0c67381 elementor-widget elementor-widget-heading\" data-id=\"0c67381\" data-element_type=\"widget\" data-e-type=\"widget\" data-widget_type=\"heading.default\">\n\t\t\t\t<div class=\"elementor-widget-container\">\n\t\t\t\t\t<p class=\"elementor-heading-title elementor-size-default\">ISO\/IEC 27001:2022\n<\/p>\t\t\t\t<\/div>\n\t\t\t\t<\/div>\n\t\t\t\t<div class=\"elementor-element elementor-element-b1dcdeb elementor-widget elementor-widget-image\" data-id=\"b1dcdeb\" data-element_type=\"widget\" data-e-type=\"widget\" data-widget_type=\"image.default\">\n\t\t\t\t<div class=\"elementor-widget-container\">\n\t\t\t\t\t\t\t\t\t\t\t\t\t\t\t<img fetchpriority=\"high\" decoding=\"async\" width=\"221\" height=\"260\" src=\"https:\/\/www.doitnowgroup.com\/wp-content\/uploads\/2025\/12\/LOGO_27001_2022.jpg\" class=\"attachment-medium size-medium wp-image-9584\" alt=\"\" \/>\t\t\t\t\t\t\t\t\t\t\t\t\t\t\t<\/div>\n\t\t\t\t<\/div>\n\t\t\t\t<div class=\"elementor-element elementor-element-3e8ca52 elementor-widget elementor-widget-text-editor\" data-id=\"3e8ca52\" data-element_type=\"widget\" data-e-type=\"widget\" data-widget_type=\"text-editor.default\">\n\t\t\t\t<div class=\"elementor-widget-container\">\n\t\t\t\t\t\t\t\t\t<p>Le entit\u00e0 del gruppo Do IT Now adottano pratiche rigorose in materia di sicurezza delle informazioni. Al momento, il nostro sistema formale di gestione della sicurezza delle informazioni conforme alla norma ISO\/IEC 27001:2022 si applica esclusivamente alla nostra societ\u00e0 italiana, Do IT Systems S.r.l. (operante come Do IT Now Italy). <\/p>\n<p><b>Ambito di applicazione della certificazione (Italia):<\/b><b><\/b><\/p>\n<ul>\n<li>Progettazione e installazione di soluzioni HPC<\/li>\n<li>Servizi di supporto e assistenza per ambienti HPC\/AI<\/li>\n<\/ul>\n<div>&nbsp;<\/div>\n<div>Do IT Systems S.r.l. \u00e8 in possesso del certificato ISO\/IEC 27001:2022 n. IT-6515-IS\/15.10.2025, rilasciato da Alpha Quality Certification Ltd (AQ Cert). \u00c8 possibile scaricare il certificato attuale in formato PDF  &nbsp;<a href=\"https:\/\/www.doitnowgroup.com\/wp-content\/uploads\/2025\/12\/Certificate-6515-DOIT_SYSTEMS_SRL-EN-EN-ISO_IEC-27001_2022.pdf\" target=\"_blank\" rel=\"noopener\"><b><u>qui<\/u><\/b><\/a>&nbsp;<\/div><div><br><\/div>\n<p>Puoi consultare la Politica per la Sicurezza delle Informazioni dell\u2019entit\u00e0 italiana&nbsp;<span style=\"text-decoration: underline;\"><strong><a href=\"https:\/\/www.doitnowgroup.com\/wp-content\/uploads\/2025\/09\/SecurityPolicy_DIS.pdf\" target=\"_blank\" rel=\"noopener\">qui<\/a><\/strong><\/span><\/p>\n<p>Questa politica, cos\u00ec come la certificazione associata, al momento non si applica alle altre entit\u00e0 del gruppo Do IT Now.<\/p>\t\t\t\t\t\t\t\t<\/div>\n\t\t\t\t<\/div>\n\t\t\t\t\t<\/div>\n\t\t<\/div>\n\t\t\t\t\t<\/div>\n\t\t<\/section>\n\t\t\t\t<\/div>\n\t\t","protected":false},"excerpt":{"rendered":"<p>Privacy Policy Informazioni generali dell&#8217;azienda Accuratezza delle informazioni Proprietario: Do IT Now Italy (Do IT Systems SRL)Indirizzo sociale: via G. Pomba, 29 &#8211; 10123 Torino, Italia IVA : IT10222290016Contatto: info@doitnowgroup.com Do IT Now FranceIndirizzo sociale: 1 rue des Chevaliers de Malter &#8211; 34970 Lattes, Francia IVA : FR11890026636Contatto: info@doitnowgroup.com Do IT Now GermaniaIndirizzo sociale: Rosenheimer [&hellip;]<\/p>\n","protected":false},"author":2,"featured_media":0,"parent":0,"menu_order":0,"comment_status":"closed","ping_status":"closed","template":"elementor_header_footer","meta":{"_seopress_robots_primary_cat":"","_seopress_titles_title":"","_seopress_titles_desc":"","_seopress_robots_index":"","footnotes":""},"class_list":["post-6067","page","type-page","status-publish","hentry"],"_links":{"self":[{"href":"https:\/\/www.doitnowgroup.com\/it\/wp-json\/wp\/v2\/pages\/6067","targetHints":{"allow":["GET"]}}],"collection":[{"href":"https:\/\/www.doitnowgroup.com\/it\/wp-json\/wp\/v2\/pages"}],"about":[{"href":"https:\/\/www.doitnowgroup.com\/it\/wp-json\/wp\/v2\/types\/page"}],"author":[{"embeddable":true,"href":"https:\/\/www.doitnowgroup.com\/it\/wp-json\/wp\/v2\/users\/2"}],"replies":[{"embeddable":true,"href":"https:\/\/www.doitnowgroup.com\/it\/wp-json\/wp\/v2\/comments?post=6067"}],"version-history":[{"count":12,"href":"https:\/\/www.doitnowgroup.com\/it\/wp-json\/wp\/v2\/pages\/6067\/revisions"}],"predecessor-version":[{"id":9599,"href":"https:\/\/www.doitnowgroup.com\/it\/wp-json\/wp\/v2\/pages\/6067\/revisions\/9599"}],"wp:attachment":[{"href":"https:\/\/www.doitnowgroup.com\/it\/wp-json\/wp\/v2\/media?parent=6067"}],"curies":[{"name":"wp","href":"https:\/\/api.w.org\/{rel}","templated":true}]}}