{"id":4946,"date":"2024-08-20T10:27:10","date_gmt":"2024-08-20T08:27:10","guid":{"rendered":"https:\/\/www.doitnowgroup.com\/hpcnow\/"},"modified":"2025-04-16T10:24:43","modified_gmt":"2025-04-16T08:24:43","slug":"hpcnow","status":"publish","type":"page","link":"https:\/\/www.doitnowgroup.com\/fr\/hpcnow\/","title":{"rendered":"HPCNOW !"},"content":{"rendered":"\t\t<div data-elementor-type=\"wp-page\" data-elementor-id=\"4946\" class=\"elementor elementor-4946 elementor-3544\" data-elementor-post-type=\"page\">\n\t\t\t\t<div class=\"elementor-element elementor-element-2c348c1 e-flex e-con-boxed e-con e-parent\" data-id=\"2c348c1\" data-element_type=\"container\" data-e-type=\"container\" data-settings=\"{&quot;background_background&quot;:&quot;classic&quot;}\">\n\t\t\t\t\t<div class=\"e-con-inner\">\n\t\t\t\t<div class=\"elementor-element elementor-element-c5d8b4e elementor-widget-mobile__width-initial elementor-widget elementor-widget-heading\" data-id=\"c5d8b4e\" data-element_type=\"widget\" data-e-type=\"widget\" data-widget_type=\"heading.default\">\n\t\t\t\t<div class=\"elementor-widget-container\">\n\t\t\t\t\t<h1 class=\"elementor-heading-title elementor-size-default\">BIENVENUE SUR<br>LE NOUVEAU SITE <span class=\"fadein\"><span class=\"green\">DE<\/span> HPCNOW!<\/span><\/h1>\t\t\t\t<\/div>\n\t\t\t\t<\/div>\n\t\t\t\t<div class=\"elementor-element elementor-element-8d260b6 elementor-widget elementor-widget-tp-button\" data-id=\"8d260b6\" data-element_type=\"widget\" data-e-type=\"widget\" data-widget_type=\"tp-button.default\">\n\t\t\t\t<div class=\"elementor-widget-container\">\n\t\t\t\t\t<div class=\"pt-plus-button-wrapper   text-   \"><div class=\"button_parallax   \" ><div id=\"button69d0759de8bda\"  class=\" text- ts-button content_hover_effect   \" ><div class=\"pt_plus_button btn69d0759de880b button-style-7   \"  ><div class=\"animted-content-inner \"><a href=\"https:\/\/www.doitnowgroup.com\/fr\/\" class=\"button-link-wrap \" role=\"button\" data-hover=\"D\u00e9couvrir\"  >D\u00e9couvrir<span class=\"btn-arrow\"><\/span><\/a><\/div><\/div><\/div><\/div><\/div>\t\t\t\t<\/div>\n\t\t\t\t<\/div>\n\t\t\t\t\t<\/div>\n\t\t\t\t<\/div>\n\t\t<div class=\"elementor-element elementor-element-31370ae e-flex e-con-boxed e-con e-parent\" data-id=\"31370ae\" data-element_type=\"container\" data-e-type=\"container\">\n\t\t\t\t\t<div class=\"e-con-inner\">\n\t\t\t\t<div class=\"elementor-element elementor-element-79bb8d9 elementor-widget-mobile__width-initial elementor-widget-tablet__width-initial elementor-widget-laptop__width-initial elementor-invisible elementor-widget elementor-widget-image\" data-id=\"79bb8d9\" data-element_type=\"widget\" data-e-type=\"widget\" data-settings=\"{&quot;_animation&quot;:&quot;fadeInUp&quot;}\" data-widget_type=\"image.default\">\n\t\t\t\t<div class=\"elementor-widget-container\">\n\t\t\t\t\t\t\t\t\t\t\t\t\t\t\t<img decoding=\"async\" width=\"232\" height=\"137\" src=\"https:\/\/www.doitnowgroup.com\/wp-content\/uploads\/2024\/05\/guillemets.png\" class=\"attachment-large size-large wp-image-2534\" alt=\"\" \/>\t\t\t\t\t\t\t\t\t\t\t\t\t\t\t<\/div>\n\t\t\t\t<\/div>\n\t\t\t\t<div class=\"elementor-element elementor-element-889d998 elementor-widget__width-initial elementor-widget-laptop__width-initial elementor-invisible elementor-widget elementor-widget-text-editor\" data-id=\"889d998\" data-element_type=\"widget\" data-e-type=\"widget\" data-settings=\"{&quot;_animation&quot;:&quot;fadeInUp&quot;,&quot;_animation_delay&quot;:200}\" data-widget_type=\"text-editor.default\">\n\t\t\t\t<div class=\"elementor-widget-container\">\n\t\t\t\t\t\t\t\t\t<p>Nous sommes heureux d&rsquo;annoncer que HPCNow ! a uni ses forces avec Do IT Systems et Do IT Now France pour <span class=\"purple\">devenir Do IT Now Group.<\/span><\/p>\t\t\t\t\t\t\t\t<\/div>\n\t\t\t\t<\/div>\n\t\t\t\t\t<\/div>\n\t\t\t\t<\/div>\n\t\t<div class=\"elementor-element elementor-element-6994962 e-flex e-con-boxed e-con e-parent\" data-id=\"6994962\" data-element_type=\"container\" data-e-type=\"container\" data-settings=\"{&quot;background_background&quot;:&quot;classic&quot;}\">\n\t\t\t\t\t<div class=\"e-con-inner\">\n\t\t\t\t<div class=\"elementor-element elementor-element-df0a148 elementor-widget__width-initial elementor-widget-tablet__width-inherit elementor-widget-mobile__width-inherit elementor-widget elementor-widget-heading\" data-id=\"df0a148\" data-element_type=\"widget\" data-e-type=\"widget\" data-widget_type=\"heading.default\">\n\t\t\t\t<div class=\"elementor-widget-container\">\n\t\t\t\t\t<h2 class=\"elementor-heading-title elementor-size-default\">Nous changeons de nom,\n<span class=\"black\">mais notre engagement ind\u00e9fectible\nenvers le Calcul Haute Performance<\/span>\n(HPC) reste le m\u00eame.<\/h2>\t\t\t\t<\/div>\n\t\t\t\t<\/div>\n\t\t\t\t<div class=\"elementor-element elementor-element-3023530 elementor-widget__width-initial elementor-widget-tablet__width-inherit elementor-widget-mobile__width-inherit elementor-widget elementor-widget-text-editor\" data-id=\"3023530\" data-element_type=\"widget\" data-e-type=\"widget\" data-widget_type=\"text-editor.default\">\n\t\t\t\t<div class=\"elementor-widget-container\">\n\t\t\t\t\t\t\t\t\t<p>Cette fusion permet de combiner nos forces et d&rsquo;\u00e9tendre notre expertise et nos offres de services dans la r\u00e9gion EMEA. Explorez notre nouveau site web pour d\u00e9couvrir comment nous repoussons les limites et atteignons de nouveaux sommets dans le domaine du HPC. <\/p>\t\t\t\t\t\t\t\t<\/div>\n\t\t\t\t<\/div>\n\t\t\t\t<div class=\"elementor-element elementor-element-e688660 elementor-widget elementor-widget-tp-button\" data-id=\"e688660\" data-element_type=\"widget\" data-e-type=\"widget\" data-widget_type=\"tp-button.default\">\n\t\t\t\t<div class=\"elementor-widget-container\">\n\t\t\t\t\t<div class=\"pt-plus-button-wrapper   text-   \"><div class=\"button_parallax   \" ><div id=\"button69d0759ded3da\"  class=\" text- ts-button content_hover_effect   \" ><div class=\"pt_plus_button btn69d0759decff2 button-style-7   \"  ><div class=\"animted-content-inner \"><a href=\"https:\/\/www.doitnowgroup.com\/fr\/\" class=\"button-link-wrap \" role=\"button\" data-hover=\"D\u00e9couvrir\"  >D\u00e9couvrir<span class=\"btn-arrow\"><\/span><\/a><\/div><\/div><\/div><\/div><\/div>\t\t\t\t<\/div>\n\t\t\t\t<\/div>\n\t\t\t\t<div class=\"elementor-element elementor-element-9a9728e elementor-absolute elementor-widget elementor-widget-image\" data-id=\"9a9728e\" data-element_type=\"widget\" data-e-type=\"widget\" data-settings=\"{&quot;_position&quot;:&quot;absolute&quot;,&quot;motion_fx_motion_fx_scrolling&quot;:&quot;yes&quot;,&quot;motion_fx_translateY_effect&quot;:&quot;yes&quot;,&quot;motion_fx_translateY_speed&quot;:{&quot;unit&quot;:&quot;px&quot;,&quot;size&quot;:4,&quot;sizes&quot;:[]},&quot;motion_fx_translateY_affectedRange&quot;:{&quot;unit&quot;:&quot;%&quot;,&quot;size&quot;:&quot;&quot;,&quot;sizes&quot;:{&quot;start&quot;:0,&quot;end&quot;:100}},&quot;motion_fx_devices&quot;:[&quot;widescreen&quot;,&quot;desktop&quot;,&quot;laptop&quot;,&quot;tablet&quot;,&quot;mobile&quot;]}\" data-widget_type=\"image.default\">\n\t\t\t\t<div class=\"elementor-widget-container\">\n\t\t\t\t\t\t\t\t\t\t\t\t\t\t\t<img fetchpriority=\"high\" decoding=\"async\" width=\"850\" height=\"799\" src=\"https:\/\/www.doitnowgroup.com\/wp-content\/uploads\/2024\/08\/deco-white.png\" class=\"attachment-full size-full wp-image-3540\" alt=\"\" srcset=\"https:\/\/www.doitnowgroup.com\/wp-content\/uploads\/2024\/08\/deco-white.png 850w, https:\/\/www.doitnowgroup.com\/wp-content\/uploads\/2024\/08\/deco-white-300x282.png 300w, https:\/\/www.doitnowgroup.com\/wp-content\/uploads\/2024\/08\/deco-white-768x722.png 768w\" sizes=\"(max-width: 850px) 100vw, 850px\" \/>\t\t\t\t\t\t\t\t\t\t\t\t\t\t\t<\/div>\n\t\t\t\t<\/div>\n\t\t\t\t\t<\/div>\n\t\t\t\t<\/div>\n\t\t\t\t<\/div>\n\t\t","protected":false},"excerpt":{"rendered":"<p>BIENVENUE SURLE NOUVEAU SITE DE HPCNOW! D\u00e9couvrir Nous sommes heureux d&rsquo;annoncer que HPCNow ! a uni ses forces avec Do IT Systems et Do IT Now France pour devenir Do IT Now Group. Nous changeons de nom, mais notre engagement ind\u00e9fectible envers le Calcul Haute Performance (HPC) reste le m\u00eame. Cette fusion permet de combiner [&hellip;]<\/p>\n","protected":false},"author":2,"featured_media":0,"parent":0,"menu_order":0,"comment_status":"closed","ping_status":"closed","template":"elementor_header_footer","meta":{"_seopress_robots_primary_cat":"","_seopress_titles_title":"%%post_title%% %%sep%% %%sitetitle%%","_seopress_titles_desc":"","_seopress_robots_index":"","footnotes":""},"class_list":["post-4946","page","type-page","status-publish","hentry"],"_links":{"self":[{"href":"https:\/\/www.doitnowgroup.com\/fr\/wp-json\/wp\/v2\/pages\/4946","targetHints":{"allow":["GET"]}}],"collection":[{"href":"https:\/\/www.doitnowgroup.com\/fr\/wp-json\/wp\/v2\/pages"}],"about":[{"href":"https:\/\/www.doitnowgroup.com\/fr\/wp-json\/wp\/v2\/types\/page"}],"author":[{"embeddable":true,"href":"https:\/\/www.doitnowgroup.com\/fr\/wp-json\/wp\/v2\/users\/2"}],"replies":[{"embeddable":true,"href":"https:\/\/www.doitnowgroup.com\/fr\/wp-json\/wp\/v2\/comments?post=4946"}],"version-history":[{"count":6,"href":"https:\/\/www.doitnowgroup.com\/fr\/wp-json\/wp\/v2\/pages\/4946\/revisions"}],"predecessor-version":[{"id":8818,"href":"https:\/\/www.doitnowgroup.com\/fr\/wp-json\/wp\/v2\/pages\/4946\/revisions\/8818"}],"wp:attachment":[{"href":"https:\/\/www.doitnowgroup.com\/fr\/wp-json\/wp\/v2\/media?parent=4946"}],"curies":[{"name":"wp","href":"https:\/\/api.w.org\/{rel}","templated":true}]}}