{"id":6024,"date":"2024-08-20T10:27:10","date_gmt":"2024-08-20T08:27:10","guid":{"rendered":"https:\/\/www.doitnowgroup.com\/hpcnow\/"},"modified":"2025-04-21T17:20:12","modified_gmt":"2025-04-21T15:20:12","slug":"hpcnow","status":"publish","type":"page","link":"https:\/\/www.doitnowgroup.com\/es\/hpcnow\/","title":{"rendered":"HPCNow!"},"content":{"rendered":"\t\t<div data-elementor-type=\"wp-page\" data-elementor-id=\"6024\" class=\"elementor elementor-6024 elementor-3544\" data-elementor-post-type=\"page\">\n\t\t\t\t<div class=\"elementor-element elementor-element-2c348c1 e-flex e-con-boxed e-con e-parent\" data-id=\"2c348c1\" data-element_type=\"container\" data-e-type=\"container\" data-settings=\"{&quot;background_background&quot;:&quot;classic&quot;}\">\n\t\t\t\t\t<div class=\"e-con-inner\">\n\t\t\t\t<div class=\"elementor-element elementor-element-c5d8b4e elementor-widget-mobile__width-initial elementor-widget elementor-widget-heading\" data-id=\"c5d8b4e\" data-element_type=\"widget\" data-e-type=\"widget\" data-widget_type=\"heading.default\">\n\t\t\t\t<div class=\"elementor-widget-container\">\n\t\t\t\t\t<h1 class=\"elementor-heading-title elementor-size-default\">\u00a1TE DAMOS LA BIENVENIDA<br><span class=\"fadein\"><span class=\"green\">A la nueva web<\/span><br>de HPCNow!<\/span><\/h1>\t\t\t\t<\/div>\n\t\t\t\t<\/div>\n\t\t\t\t<div class=\"elementor-element elementor-element-8d260b6 elementor-widget elementor-widget-tp-button\" data-id=\"8d260b6\" data-element_type=\"widget\" data-e-type=\"widget\" data-widget_type=\"tp-button.default\">\n\t\t\t\t<div class=\"elementor-widget-container\">\n\t\t\t\t\t<div class=\"pt-plus-button-wrapper   text-   \"><div class=\"button_parallax   \" ><div id=\"button69d06e1d7281d\"  class=\" text- ts-button content_hover_effect   \" ><div class=\"pt_plus_button btn69d06e1d72433 button-style-7   \"  ><div class=\"animted-content-inner \"><a href=\"https:\/\/www.doitnowgroup.com\/es\/\" class=\"button-link-wrap \" role=\"button\" data-hover=\"Discover\"  >Discover<span class=\"btn-arrow\"><\/span><\/a><\/div><\/div><\/div><\/div><\/div>\t\t\t\t<\/div>\n\t\t\t\t<\/div>\n\t\t\t\t\t<\/div>\n\t\t\t\t<\/div>\n\t\t<div class=\"elementor-element elementor-element-31370ae e-flex e-con-boxed e-con e-parent\" data-id=\"31370ae\" data-element_type=\"container\" data-e-type=\"container\">\n\t\t\t\t\t<div class=\"e-con-inner\">\n\t\t\t\t<div class=\"elementor-element elementor-element-79bb8d9 elementor-widget-mobile__width-initial elementor-widget-tablet__width-initial elementor-widget-laptop__width-initial elementor-invisible elementor-widget elementor-widget-image\" data-id=\"79bb8d9\" data-element_type=\"widget\" data-e-type=\"widget\" data-settings=\"{&quot;_animation&quot;:&quot;fadeInUp&quot;}\" data-widget_type=\"image.default\">\n\t\t\t\t<div class=\"elementor-widget-container\">\n\t\t\t\t\t\t\t\t\t\t\t\t\t\t\t<img decoding=\"async\" width=\"232\" height=\"137\" src=\"https:\/\/www.doitnowgroup.com\/wp-content\/uploads\/2024\/05\/guillemets.png\" class=\"attachment-large size-large wp-image-5906\" alt=\"\" \/>\t\t\t\t\t\t\t\t\t\t\t\t\t\t\t<\/div>\n\t\t\t\t<\/div>\n\t\t\t\t<div class=\"elementor-element elementor-element-889d998 elementor-widget__width-initial elementor-widget-laptop__width-initial elementor-invisible elementor-widget elementor-widget-text-editor\" data-id=\"889d998\" data-element_type=\"widget\" data-e-type=\"widget\" data-settings=\"{&quot;_animation&quot;:&quot;fadeInUp&quot;,&quot;_animation_delay&quot;:200}\" data-widget_type=\"text-editor.default\">\n\t\t\t\t<div class=\"elementor-widget-container\">\n\t\t\t\t\t\t\t\t\t<p>Nos complace anunciar que HPCNow! ha unido sus fuerzas con Do IT Systems y Do IT Now Francia para <span class=\"purple\">convertirse en el Grupo Do IT Now.<\/span><\/p>\t\t\t\t\t\t\t\t<\/div>\n\t\t\t\t<\/div>\n\t\t\t\t\t<\/div>\n\t\t\t\t<\/div>\n\t\t<div class=\"elementor-element elementor-element-6994962 e-flex e-con-boxed e-con e-parent\" data-id=\"6994962\" data-element_type=\"container\" data-e-type=\"container\" data-settings=\"{&quot;background_background&quot;:&quot;classic&quot;}\">\n\t\t\t\t\t<div class=\"e-con-inner\">\n\t\t\t\t<div class=\"elementor-element elementor-element-df0a148 elementor-widget__width-initial elementor-widget-tablet__width-inherit elementor-widget-mobile__width-inherit elementor-widget elementor-widget-heading\" data-id=\"df0a148\" data-element_type=\"widget\" data-e-type=\"widget\" data-widget_type=\"heading.default\">\n\t\t\t\t<div class=\"elementor-widget-container\">\n\t\t\t\t\t<h2 class=\"elementor-heading-title elementor-size-default\">Aunque nuestro nombre ha cambiado, \n<span class=\"black\">nuestro firme compromiso \ncon la computaci\u00f3n de altas prestaciones<\/span>\n(HPC) sigue siendo el mismo.<\/h2>\t\t\t\t<\/div>\n\t\t\t\t<\/div>\n\t\t\t\t<div class=\"elementor-element elementor-element-3023530 elementor-widget__width-initial elementor-widget-tablet__width-inherit elementor-widget-mobile__width-inherit elementor-widget elementor-widget-text-editor\" data-id=\"3023530\" data-element_type=\"widget\" data-e-type=\"widget\" data-widget_type=\"text-editor.default\">\n\t\t\t\t<div class=\"elementor-widget-container\">\n\t\t\t\t\t\t\t\t\t<p>Esta fusi\u00f3n combina nuestros puntos fuertes, ampliando nuestra experiencia y nuestra oferta de servicios en toda la regi\u00f3n EMEA. Visita nuestro nuevo sitio web para descubrir c\u00f3mo estamos superando las barreras y alcanzando nuevas cotas en HPC. <\/p>\t\t\t\t\t\t\t\t<\/div>\n\t\t\t\t<\/div>\n\t\t\t\t<div class=\"elementor-element elementor-element-e688660 elementor-widget elementor-widget-tp-button\" data-id=\"e688660\" data-element_type=\"widget\" data-e-type=\"widget\" data-widget_type=\"tp-button.default\">\n\t\t\t\t<div class=\"elementor-widget-container\">\n\t\t\t\t\t<div class=\"pt-plus-button-wrapper   text-   \"><div class=\"button_parallax   \" ><div id=\"button69d06e1d771ec\"  class=\" text- ts-button content_hover_effect   \" ><div class=\"pt_plus_button btn69d06e1d76e25 button-style-7   \"  ><div class=\"animted-content-inner \"><a href=\"https:\/\/www.doitnowgroup.com\/es\/\" class=\"button-link-wrap \" role=\"button\" data-hover=\"Discover\"  >Discover<span class=\"btn-arrow\"><\/span><\/a><\/div><\/div><\/div><\/div><\/div>\t\t\t\t<\/div>\n\t\t\t\t<\/div>\n\t\t\t\t<div class=\"elementor-element elementor-element-9a9728e elementor-absolute elementor-widget elementor-widget-image\" data-id=\"9a9728e\" data-element_type=\"widget\" data-e-type=\"widget\" data-settings=\"{&quot;_position&quot;:&quot;absolute&quot;,&quot;motion_fx_motion_fx_scrolling&quot;:&quot;yes&quot;,&quot;motion_fx_translateY_effect&quot;:&quot;yes&quot;,&quot;motion_fx_translateY_speed&quot;:{&quot;unit&quot;:&quot;px&quot;,&quot;size&quot;:4,&quot;sizes&quot;:[]},&quot;motion_fx_translateY_affectedRange&quot;:{&quot;unit&quot;:&quot;%&quot;,&quot;size&quot;:&quot;&quot;,&quot;sizes&quot;:{&quot;start&quot;:0,&quot;end&quot;:100}},&quot;motion_fx_devices&quot;:[&quot;widescreen&quot;,&quot;desktop&quot;,&quot;laptop&quot;,&quot;tablet&quot;,&quot;mobile&quot;]}\" data-widget_type=\"image.default\">\n\t\t\t\t<div class=\"elementor-widget-container\">\n\t\t\t\t\t\t\t\t\t\t\t\t\t\t\t<img fetchpriority=\"high\" decoding=\"async\" width=\"850\" height=\"799\" src=\"https:\/\/www.doitnowgroup.com\/wp-content\/uploads\/2024\/08\/deco-white.png\" class=\"attachment-full size-full wp-image-6044\" alt=\"\" srcset=\"https:\/\/www.doitnowgroup.com\/wp-content\/uploads\/2024\/08\/deco-white.png 850w, https:\/\/www.doitnowgroup.com\/wp-content\/uploads\/2024\/08\/deco-white-300x282.png 300w, https:\/\/www.doitnowgroup.com\/wp-content\/uploads\/2024\/08\/deco-white-768x722.png 768w\" sizes=\"(max-width: 850px) 100vw, 850px\" \/>\t\t\t\t\t\t\t\t\t\t\t\t\t\t\t<\/div>\n\t\t\t\t<\/div>\n\t\t\t\t\t<\/div>\n\t\t\t\t<\/div>\n\t\t\t\t<\/div>\n\t\t","protected":false},"excerpt":{"rendered":"<p>\u00a1TE DAMOS LA BIENVENIDAA la nueva webde HPCNow! Discover Nos complace anunciar que HPCNow! ha unido sus fuerzas con Do IT Systems y Do IT Now Francia para convertirse en el Grupo Do IT Now. Aunque nuestro nombre ha cambiado, nuestro firme compromiso con la computaci\u00f3n de altas prestaciones (HPC) sigue siendo el mismo. Esta [&hellip;]<\/p>\n","protected":false},"author":2,"featured_media":0,"parent":0,"menu_order":0,"comment_status":"closed","ping_status":"closed","template":"elementor_header_footer","meta":{"_seopress_robots_primary_cat":"","_seopress_titles_title":"%%post_title%% %%sep%% %%sitetitle%%","_seopress_titles_desc":"","_seopress_robots_index":"","footnotes":""},"class_list":["post-6024","page","type-page","status-publish","hentry"],"_links":{"self":[{"href":"https:\/\/www.doitnowgroup.com\/es\/wp-json\/wp\/v2\/pages\/6024","targetHints":{"allow":["GET"]}}],"collection":[{"href":"https:\/\/www.doitnowgroup.com\/es\/wp-json\/wp\/v2\/pages"}],"about":[{"href":"https:\/\/www.doitnowgroup.com\/es\/wp-json\/wp\/v2\/types\/page"}],"author":[{"embeddable":true,"href":"https:\/\/www.doitnowgroup.com\/es\/wp-json\/wp\/v2\/users\/2"}],"replies":[{"embeddable":true,"href":"https:\/\/www.doitnowgroup.com\/es\/wp-json\/wp\/v2\/comments?post=6024"}],"version-history":[{"count":18,"href":"https:\/\/www.doitnowgroup.com\/es\/wp-json\/wp\/v2\/pages\/6024\/revisions"}],"predecessor-version":[{"id":8824,"href":"https:\/\/www.doitnowgroup.com\/es\/wp-json\/wp\/v2\/pages\/6024\/revisions\/8824"}],"wp:attachment":[{"href":"https:\/\/www.doitnowgroup.com\/es\/wp-json\/wp\/v2\/media?parent=6024"}],"curies":[{"name":"wp","href":"https:\/\/api.w.org\/{rel}","templated":true}]}}